{"id":8,"date":"2014-11-20T14:29:04","date_gmt":"2014-11-20T14:29:04","guid":{"rendered":"https:\/\/blogs.tees.ac.uk\/tjuthompson\/?page_id=8"},"modified":"2022-07-02T15:41:17","modified_gmt":"2022-07-02T15:41:17","slug":"teaching","status":"publish","type":"page","link":"https:\/\/blogs.tees.ac.uk\/tjuthompson\/teaching\/","title":{"rendered":"Practice + Pedagogy!"},"content":{"rendered":"<p>I have a long-standing interest in the practice of forensic anthropology, the frameworks in which practitioners work, and the way it is taught. My first publication, back when I was a PhD student full of righteous indignation, explored the ethics and legality of using skeletal remains in forensic anthropology research. This is a theme I have come back to throughout my career, although it has evolved a little to focus more on practice in the field. I have been fortunate enough to work with colleagues on a couple of book chapters to tease apart the tensions of applying forensic anthropology in contexts around the world, and how the clash of different philosophies and paradigms can result in a more sensitive approach to practice.<\/p>\n<p>I also really like teaching &#8211; and I\u2019ve wanted to teach for as long as I can remember. The only thing that\u2019s changed is the age group that I wanted in my classes. The great thing about working in a university like ours, is that you get to create a pedagogical connections &#8211; my <em>field work<\/em> gives me questions for my <em>research<\/em> which feeds into my <em>teaching<\/em> which gives me new ideas and directions for further <em>research<\/em> and how to approach <em>case work<\/em>. I have a bit of an issue with many learning and teaching publications, in that they can be a bit navel gazey or lack a genuine means of determining the effectiveness of a given intervention, so more recently I have been putting my money where my mouth is and undertaking some detailed pedagogical research within a full evaluation framework.<\/p>\n<p>In addition to classroom-based teaching, I also co-deliver a hugely successful <a href=\"https:\/\/www.futurelearn.com\/courses\/forensic-archaeology-and-anthropology\" target=\"_blank\" rel=\"noopener noreferrer\">Future Learn course on Forensic Archaeology and Anthropology<\/a>, which has been supported by the ICRC. This has developed from a short course we have run in the region which has supported police and crime scene officers from across the globe. And a number of artists and authors! I\u2019ve also traveled around Europe delivering CPD. This ability to tailor my teaching for a multitude of audiences and learners is partly what led to me being awarded a National Teaching Fellowship for excellence in teaching and support for learning in 2014. It\u2019s also been helpful in my role as Chair of the <a href=\"https:\/\/www.qaa.ac.uk\/quality-code\/subject-benchmark-statements\" target=\"_blank\" rel=\"noopener\">QAA Subject Benchmark Statement Review<\/a> for Anthropology.<\/p>\n<p>My teaching has also led directly to the creation of my spin-out company, <a title=\"anthronomics ltd\" href=\"https:\/\/blogs.tees.ac.uk\/tjuthompson\/teaching\/anthronomics-ltd\/\">anthronomics ltd<\/a>, which aspired to develop incredible teaching and study aids for people like us. I\u2019m proud of the work it achieved.<\/p>\n<p><span style=\"text-decoration: underline\"><span style=\"color: #ff6600;text-decoration: underline\">Check out the details:<\/span><\/span><\/p>\n<ul>\n<li>Gowland, R.L. and Thompson, T.J.U. (2021) The skeleton and human identity. In: Ferguson, R., Littlefield, M and Purdon, J. (eds.) <em>The Art of Identification<\/em>. Princeton University Press.<\/li>\n<li>Thompson, T.J.U. (2020) Choose your own murder: Non-linear narratives enhance student understanding in forensic science education. <em>Forensic Science International: Synergy<\/em> <strong>2<\/strong>: 82-85. [<a href=\"https:\/\/www.sciencedirect.com\/science\/article\/pii\/S2589871X20300097\" target=\"_blank\" rel=\"noopener noreferrer\">This one is totally open access, so you can follow the link here to read it<\/a>]<\/li>\n<li>Nakhaeizadeh, S., Morgan, R.M., Olsson, V., Arvidsson, M. and Thompson, T.J.U. (2019) The value of eye-tracking technology in the analysis and interpretations of skeletal remains: A pilot study. <em>Science &amp; Justice <\/em><strong>60<\/strong>: 36-42.<\/li>\n<li>Errickson, D. and Thompson, T.J.U. (2019) Sharing is not always caring: Social media and the dead. In: Squires, K., Errickson, D. and Marquez-Grant, N. (eds.) <em>Ethical approaches to human remains: A global challenge in bioarchaeology and forensic anthropology<\/em>. Springer: Switzerland. pp299-313.<\/li>\n<li>Thompson, T.J.U., Jim\u00e9nez Gaytan, D., Bedoya S\u00e1nchez, S. and Ninel Pleitez Qui\u00f1\u00f3nez, A. (2018) Forensic anthropology: Whose rules are we playing by? &#8211; Contextualising the role of forensic protocols in human rights investigations. In: Waterlow, J. and Schuhmacher, J. (eds.) <em>War crimes trials and investigations: A multidisciplinary introduction<\/em>. Palgrave Macmillan: UK. pp59-80.<\/li>\n<li>Thompson, T.J.U. (2015) Deconstructing the \u2018ideal\u2019 of standardisation. In: Crossland, Z. and Joyce, R. (eds.) <em>Disturbing bodies: Perspectives on forensic anthropology<\/em>. SAR Press. pp63-84.<\/li>\n<li>Fowler, G. and Thompson, T.J.U. (2015) A mere technical exercise? Challenges and technological solutions to the identification of individuals in mass grave scenarios in the modern context. In: Anstett, E. et al (eds.) <em>Search and identification of corpses and human remains in post-genocide and mass violence contexts<\/em>. pp117-141.<\/li>\n<li>Butler, M., Thompson, T.J.U. and Bel, \u00c9. (2014) Exploring the implementation of head mounted camera technology in Volume Crime Scene Investigation. In de Guzman, Das and Das (ed.) <em>The evolution of policing: worldwide innovations and insights<\/em>. CRC Press, Inc.: Florida, USA. pp281-297.<\/li>\n<li><span style=\"color: #ff00ff\">Gowland, R. and Thompson, T.J.U. (2013) <em>Human identity and identification<\/em>. Cambridge University Press.<\/span><\/li>\n<li>Thompson, T.J.U. (2008) The role of the photograph in the application of forensic anthropology and the interpretation of clandestine scenes of crime. <em>Photography &amp; Culture <\/em><strong>1(2)<\/strong>: 163-182.<\/li>\n<li><span style=\"color: #ff00ff\">Thompson, T.J.U. and Black, S.M. (eds.) (2007) <em>Forensic human identification: an introduction<\/em>. CRC Press, Inc.: Florida, USA.<\/span><\/li>\n<li>Thompson, T.J.U. (2003) The quality and appropriateness of forensic anthropological education in the UK. <em>Public Archaeology <\/em><strong>3(2)<\/strong><em>: <\/em>88-94<em>.<\/em><\/li>\n<li>Thompson, T.J.U. (2003) Supply and demand: Shifting expectations in forensic anthropology. <em>Science and Justice<\/em> <strong>43(4)<\/strong>: 183-186.<\/li>\n<li>Thompson, T.J.U. (2001) Legal and ethical considerations of forensic anthropological research. <em>Science and Justice<\/em> <strong>41(4)<\/strong>: 261-270.<\/li>\n<\/ul>\n","protected":false},"excerpt":{"rendered":"<p>I have a long-standing interest in the practice of forensic anthropology, the frameworks in which practitioners work, and the way it is taught. My first publication, back when I was a PhD student full of righteous indignation, explored the ethics and legality of using skeletal remains in forensic anthropology research. This is a theme I have come back to throughout my career, although it has evolved a little to focus more on practice in the field. I have been fortunate enough to work with colleagues&#8230;<span class=\"clearfix clearfix-post\"><\/span><a href=\"https:\/\/blogs.tees.ac.uk\/tjuthompson\/teaching\/\" class=\"more-link\">Continue Reading <span class=\"screen-reader-text\">&#8220;Practice + Pedagogy!&#8221;<\/span> <span class=\"meta-nav\">&rarr;<\/span><\/a><\/p>\n","protected":false},"author":144,"featured_media":124,"parent":0,"menu_order":1,"comment_status":"closed","ping_status":"closed","template":"","meta":{"jetpack_post_was_ever_published":false,"footnotes":""},"jetpack_sharing_enabled":true,"jetpack_shortlink":"https:\/\/wp.me\/P5ogem-8","_links":{"self":[{"href":"https:\/\/blogs.tees.ac.uk\/tjuthompson\/wp-json\/wp\/v2\/pages\/8"}],"collection":[{"href":"https:\/\/blogs.tees.ac.uk\/tjuthompson\/wp-json\/wp\/v2\/pages"}],"about":[{"href":"https:\/\/blogs.tees.ac.uk\/tjuthompson\/wp-json\/wp\/v2\/types\/page"}],"author":[{"embeddable":true,"href":"https:\/\/blogs.tees.ac.uk\/tjuthompson\/wp-json\/wp\/v2\/users\/144"}],"replies":[{"embeddable":true,"href":"https:\/\/blogs.tees.ac.uk\/tjuthompson\/wp-json\/wp\/v2\/comments?post=8"}],"version-history":[{"count":5,"href":"https:\/\/blogs.tees.ac.uk\/tjuthompson\/wp-json\/wp\/v2\/pages\/8\/revisions"}],"predecessor-version":[{"id":1202,"href":"https:\/\/blogs.tees.ac.uk\/tjuthompson\/wp-json\/wp\/v2\/pages\/8\/revisions\/1202"}],"wp:featuredmedia":[{"embeddable":true,"href":"https:\/\/blogs.tees.ac.uk\/tjuthompson\/wp-json\/wp\/v2\/media\/124"}],"wp:attachment":[{"href":"https:\/\/blogs.tees.ac.uk\/tjuthompson\/wp-json\/wp\/v2\/media?parent=8"}],"curies":[{"name":"wp","href":"https:\/\/api.w.org\/{rel}","templated":true}]}}