{"id":1210,"date":"2022-07-02T16:16:34","date_gmt":"2022-07-02T16:16:34","guid":{"rendered":"https:\/\/blogs.tees.ac.uk\/tjuthompson\/?page_id=1210"},"modified":"2022-07-02T16:16:34","modified_gmt":"2022-07-02T16:16:34","slug":"osteology-bioarchaeology","status":"publish","type":"page","link":"https:\/\/blogs.tees.ac.uk\/tjuthompson\/research\/osteology-bioarchaeology\/","title":{"rendered":"Osteology + Bioarchaeology"},"content":{"rendered":"<p>Not everything I work on is super-niche. We are frequently plagued by questions that we can\u2019t answer in a variety of areas of osteology and bioarchaeology, and seek to provide a positive contribution to the debate where we can.<\/p>\n<p>&nbsp;<\/p>\n<p><span style=\"text-decoration: underline;color: #ff6600\">Why not peruse some publications?<\/span><\/p>\n<ul>\n<li>Kilburn, N.N., Gowland, R.L., Halld\u00f3rsd\u00f3ttir, H.H., Williams, R. and Thompson, T.J.U. (2021) Assessing pathological conditions in archaeological bone using portable X-ray fluorescence (pXRF). <em>Journal of Archaeological Science: Reports<\/em> 37 doi: 10.1016\/j.jasrep.2021.102980.<\/li>\n<li>Hansford, J. Wright, P.C., Rasoamiaramanana, A., P\u00e9rez, V.R., Godfrey, L.R., Errickson, D., Thompson, T. and Turvey, S.T. (2018) Early Holocene human presence in Madagascar evidenced by exploitation of avian megafauna. <em>Science Advances<\/em> 4 doi: 10.1126\/sciadv.aat6925.<\/li>\n<li>Garrido-Varas, C.E., Rathnasinghe, R., Thompson, T.J.U. and Savriama, Y. (2015) A new method to pair-match metacarpals using bilateral asymmetry and shape analysis. <em>Journal of Forensic Sciences<\/em> 60: 118-123.<\/li>\n<li>Garrido-Varas, C.E., Thompson, T.J.U. and Campbell, A. (2014) Par\u00e1metros m\u00e9tricos para la determinaci\u00f3n de sexo en restos esqueletales Chilenos modernos [Metric parameters for sex dertermination of modern Chilean skeletal remains]. <em>Chungara &#8211; Revista de Antropolog\u00eda Chilena<\/em> [Journal of Chilean Anthropology] 46: 285-293.<\/li>\n<li>Garrido-Varas, C.E. and Thompson, T.J.U. (2011) Metric dimensions of the proximal phalanges of the human hand and their relationship to side, position, and asymmetry. <em>Homo \u2013 Journal of Comparative Human Biology<\/em> 62: 126-143.<\/li>\n<li>Thompson, T.J.U. and Inglis, J. (2009) Differentiation of serrated and non-serrated blades from stab marks in bone. <em>International Journal of Legal Medicine <\/em>123(2): 129-135.<\/li>\n<\/ul>\n","protected":false},"excerpt":{"rendered":"<p>Not everything I work on is super-niche. We are frequently plagued by questions that we can\u2019t answer in a variety of areas of osteology and bioarchaeology, and seek to provide a positive contribution to the debate where we can. &nbsp; Why not peruse some publications? Kilburn, N.N., Gowland, R.L., Halld\u00f3rsd\u00f3ttir, H.H., Williams, R. and Thompson, T.J.U. (2021) Assessing pathological conditions in archaeological bone using portable X-ray fluorescence (pXRF). Journal of Archaeological Science: Reports 37 doi: 10.1016\/j.jasrep.2021.102980. Hansford, J. Wright, P.C., Rasoamiaramanana, A., P\u00e9rez, V.R., Godfrey,&#8230;<span class=\"clearfix clearfix-post\"><\/span><a href=\"https:\/\/blogs.tees.ac.uk\/tjuthompson\/research\/osteology-bioarchaeology\/\" class=\"more-link\">Continue Reading <span class=\"screen-reader-text\">&#8220;Osteology + Bioarchaeology&#8221;<\/span> <span class=\"meta-nav\">&rarr;<\/span><\/a><\/p>\n","protected":false},"author":144,"featured_media":0,"parent":6,"menu_order":3,"comment_status":"closed","ping_status":"closed","template":"","meta":{"jetpack_post_was_ever_published":false,"footnotes":""},"jetpack_sharing_enabled":true,"jetpack_shortlink":"https:\/\/wp.me\/P5ogem-jw","_links":{"self":[{"href":"https:\/\/blogs.tees.ac.uk\/tjuthompson\/wp-json\/wp\/v2\/pages\/1210"}],"collection":[{"href":"https:\/\/blogs.tees.ac.uk\/tjuthompson\/wp-json\/wp\/v2\/pages"}],"about":[{"href":"https:\/\/blogs.tees.ac.uk\/tjuthompson\/wp-json\/wp\/v2\/types\/page"}],"author":[{"embeddable":true,"href":"https:\/\/blogs.tees.ac.uk\/tjuthompson\/wp-json\/wp\/v2\/users\/144"}],"replies":[{"embeddable":true,"href":"https:\/\/blogs.tees.ac.uk\/tjuthompson\/wp-json\/wp\/v2\/comments?post=1210"}],"version-history":[{"count":3,"href":"https:\/\/blogs.tees.ac.uk\/tjuthompson\/wp-json\/wp\/v2\/pages\/1210\/revisions"}],"predecessor-version":[{"id":1213,"href":"https:\/\/blogs.tees.ac.uk\/tjuthompson\/wp-json\/wp\/v2\/pages\/1210\/revisions\/1213"}],"up":[{"embeddable":true,"href":"https:\/\/blogs.tees.ac.uk\/tjuthompson\/wp-json\/wp\/v2\/pages\/6"}],"wp:attachment":[{"href":"https:\/\/blogs.tees.ac.uk\/tjuthompson\/wp-json\/wp\/v2\/media?parent=1210"}],"curies":[{"name":"wp","href":"https:\/\/api.w.org\/{rel}","templated":true}]}}