{"id":10,"date":"2025-10-20T11:45:12","date_gmt":"2025-10-20T10:45:12","guid":{"rendered":"https:\/\/blogs.tees.ac.uk\/lonegroup01\/?page_id=10"},"modified":"2026-01-09T15:10:06","modified_gmt":"2026-01-09T15:10:06","slug":"anyas-page","status":"publish","type":"page","link":"https:\/\/blogs.tees.ac.uk\/lonegroup01\/anyas-page\/","title":{"rendered":"Adaptations &#8211; Anya Robinson"},"content":{"rendered":"<p>Adaptation relates to the \u201cbiological phenomenon\u201d in which organisms change their endogenous states as a result of environmental changes. This is to sustain survival within the areas they live and thrive in. Adaptation happens within any biological organism whether this through evolution in order to improve species of a population or within a single cell in response to sudden changes in their surroundings. This can occur in both unicellular and multicellular organisms.<\/p>\n<p>&nbsp;<\/p>\n<p><span style=\"font-size: 24pt\"><strong>Brown long-eared bat<\/strong><\/span><\/p>\n<p><img loading=\"lazy\" decoding=\"async\" class=\" wp-image-94 alignleft\" src=\"https:\/\/blogs.tees.ac.uk\/lonegroup01\/files\/2026\/01\/IMG_8602-300x200.jpeg\" alt=\"\" width=\"334\" height=\"222\" srcset=\"https:\/\/blogs.tees.ac.uk\/lonegroup01\/files\/2026\/01\/IMG_8602-300x200.jpeg 300w, https:\/\/blogs.tees.ac.uk\/lonegroup01\/files\/2026\/01\/IMG_8602-1024x683.jpeg 1024w, https:\/\/blogs.tees.ac.uk\/lonegroup01\/files\/2026\/01\/IMG_8602-768x512.jpeg 768w, https:\/\/blogs.tees.ac.uk\/lonegroup01\/files\/2026\/01\/IMG_8602.jpeg 1200w\" sizes=\"(max-width: 334px) 100vw, 334px\" \/><\/p>\n<p><span class=\"s1\">Image: <\/span><em><span class=\"s1\">(Species on the Edge, n.d)<\/span><\/em><\/p>\n<p>Also known as <em>Plecotus<\/em> auritus, the brown long-eared bat is a species within the Mammalian class that is native to majority of the United Kingdom, Ireland, and the Isle of Man. It is also seen in Europe, excluding Greece and southern areas of Spain in Italy. This is primarily due to the warmer climates found in these areas that are not suited to the species\u2019 way of life and its preference for woodland habitats.<\/p>\n<p>With an average lifespan of 4-5 years, the brown long-eared bat is known to adapt to its surroundings with its unique characteristics, specifically its ears which are nearly the same length as its whole body. With such large ears, the bat is very sensitive to sound, enough to hear insect movement. This is crucial as the diet of the brown long-eared bat consists of moths, beetles, flies, etc.. The adaptation makes for an effortless way to locate its prey for a food source. Alongside their impeccable hearing, the brown long-eared bat\u2019s echolocation can range from 25-50kHz. Echolocation is used as a replacement for sight in the dark and is ultimately used to create a blueprint of their surroundings when tracking their prey. This gives them a substantial advantage as they can capture prey at night, as bats are typically nocturnal.<\/p>\n<p>The following link provides a sound clip to the echolocation shown on a Geiger counter from a Brown long-eared bat. <em><span class=\"s1\">(Bat Conservation Trust; Briggs, n.d.)<\/span><\/em><\/p>\n<p><a href=\"https:\/\/cdn.bats.org.uk\/uploads\/bat-calls\/Brown_long_eared_Philip_Briggs.wav?v=1541084394\">https:\/\/cdn.bats.org.uk\/uploads\/bat-calls\/Brown_long_eared_Philip_Briggs.wav?v=1541084394<\/a><\/p>\n<p>As their ears are so prominent, when at rest or during hibernation, brown long-eared bats are hidden beneath their wings, this is a simple adaptation in their behaviour to conserve body heat and reduce heat loss as their ears have such a large surface area. They adapt to their environment through their hibernation roots being within caves or tunnels where it is safer from predators (e.g. owls or domestic cats).<\/p>\n<p>Brown long-eared bats are classed as \u2018gleaners\u2019 which means they hunt by taking their prey directly from surfaces such as tree bark or vegetation. Adapting to behave this way in their environment highly increases their survival rate as they do not linger in case of predators. Larger insects, such as moths, will be taken into a perch where they can be consumed safely. These include barns and porches. Although this species has adapted to ensure its survival, there has been a decrease in the population because of the change in the way agriculture is managed and the remodelling of barns.<\/p>\n<p>&nbsp;<\/p>\n<p><span style=\"font-size: 24pt\"><strong>Amoeba proteus<\/strong><\/span><\/p>\n<p><img loading=\"lazy\" decoding=\"async\" class=\"size-medium wp-image-95 alignleft\" src=\"https:\/\/blogs.tees.ac.uk\/lonegroup01\/files\/2026\/01\/IMG_1394-300x198.png\" alt=\"\" width=\"300\" height=\"198\" srcset=\"https:\/\/blogs.tees.ac.uk\/lonegroup01\/files\/2026\/01\/IMG_1394-300x198.png 300w, https:\/\/blogs.tees.ac.uk\/lonegroup01\/files\/2026\/01\/IMG_1394-1024x675.png 1024w, https:\/\/blogs.tees.ac.uk\/lonegroup01\/files\/2026\/01\/IMG_1394-768x506.png 768w, https:\/\/blogs.tees.ac.uk\/lonegroup01\/files\/2026\/01\/IMG_1394.png 1200w\" sizes=\"(max-width: 300px) 100vw, 300px\" \/><\/p>\n<p><em><span class=\"s1\">Image: (Arcella.nl, 2024)<\/span><\/em><\/p>\n<p><em>Amoeba<\/em> proteus is a unicellular organism that is also called a protist (being part of the kingdom Protista). It is free-living predator that can track prey (bacteria and different protists) on a cellular level by engaging with both chemical and physical signals. They are typically found in freshwater ponds on vegetation that is deteriorating.<\/p>\n<p>Being a eukaryotic cell, Amoeba proteus has a nucleus as well as a range of organelles design to support the different functions that allow the cell to survive. The nucleus is crucial to command processes within the cell, such as allowing materials in and out of via a plasma membrane.<\/p>\n<p>The structure of an amoeba contains cytoplasm, which can be distinguished into an outer plasma membrane, ectoplasm and endoplasm. Endoplasm specifically holds the food vacuoles. As amoeba proteus has no digestive system like a multicellular organism, food can be brought in through the cell surface. This is the same as irrelevant waste that is excreted, as it is taken out from any location on the surface of the cell. Provided by the water from ponds they reside in, oxygen moves into the cell via diffusion and this allows for waste to diffuse into the pond.<\/p>\n<p>The most prominent adaptation of the amoeba proteus is their capability to produce pseudopodia which are \u201ctemporary cytoplasmic extensions\u201d. They use these extensions to move around, the technique being classed as amoeboid movement. This gives the cell a fluid-like shape that is constantly changing. Pseudopodia is vital in survival for amoeba as this is how they move to capture their prey in a means to survive.<\/p>\n<p>When amoebas are in unfavourable conditions, they will survive through encystment. Encystment is a process where the amoeba forms a cyst around itself to protect itself from the hostile environment. Its shape will become round and will remove majority of its water to emit a cyst membrane. Ultimately this increases the survival rate of an ameoba as the membrane becomes hard.<\/p>\n<p>&nbsp;<\/p>\n<p><span style=\"font-size: 24pt\"><strong>Differences between <em>Plecotus<\/em> auritus and <em>Amoeba<\/em> proteus<\/strong><\/span><\/p>\n<p><strong>Food intake:<\/strong> The brown long-eared bat has a fully functioning digestive system to eat insects whereas Amoeba proteus has no structured digestive system (being a unicellular organism). Instead, the amoeba creates vacuoles to surround and digest food inside the endoplasm.<\/p>\n<p><strong>Excretion:<\/strong> Due to its digestive system, bats have an anus to excrete waste after digesting the nutrients needed for survival. Amoeba do not have the same processes as instead will excrete waste using diffusion on the cell surface to remove unwanted materials.<\/p>\n<p><strong>Conservation:<\/strong> When maintaining life, the brown long-eared bat conserves body heat during hibernation by concealing its ears underneath its wings. This is different to amoeba proteus when they undergo encystment. Amoeba will lose water to create a cyst membrane instead of conserving it, making it different to the bat.<\/p>\n<p>&nbsp;<\/p>\n<p><span style=\"font-size: 24pt\"><strong>Similarities between <em>Plecotus<\/em> auritus and <em>Amoeba<\/em> proteus<\/strong><\/span><\/p>\n<p><strong>Enzymes:<\/strong> Both the brown long-eared bat and amoeba proteus require food to survive. They both use enzymes in order to digest their food and to take the required nutrients. Enzymes are crucial to break down food they consume and only take what is most important to function efficiently.<\/p>\n<p><strong>Cell structure:<\/strong> Although Plecotus auritus is a multicellular organism and Amoeba proteus is a unicellular organism, they both have a nucleus as they are both eukaryotic (or contain) eukaryotic cells. This means an amoeba contains one nucleus and the brown long-eared bat has millions.<\/p>\n<p>&nbsp;<\/p>\n<p><span style=\"font-size: 18pt\"><strong>Reference list:<\/strong><\/span><\/p>\n<p>Acer Ecology\u00a0(2017)\u00a0Guide to Brown Long-Eared Bat Mitigation. Available at:\u00a0<a href=\"https:\/\/www.acerecology.co.uk\/brown-long-eared-bat-mitigation\/\">https:\/\/www.acerecology.co.uk\/brown-long-eared-bat-mitigation\/<\/a>\u00a0(Accessed: 8 January 2026).<\/p>\n<p>Arcella.nl\u00a0(2024)\u00a0Amoeba proteus. Available at:\u00a0<a href=\"https:\/\/arcella.nl\/amoeba-proteus\/?utm_source=chatgpt.com\">https:\/\/arcella.nl\/amoeba-proteus\/<\/a>\u00a0(Accessed: 9 January 2026).<\/p>\n<p>Bat Conservation Trust\u00a0(2026)\u00a0Brown long-eared bat. UK Bats: What are bats? Bat Conservation Trust. Available at:\u00a0<a href=\"https:\/\/www.bats.org.uk\/about-bats\/what-are-bats\/uk-bats\/brown-long-eared-bat?utm_source=chatgpt.com\">https:\/\/www.bats.org.uk\/about-bats\/what-are-bats\/uk-bats\/brown-long-eared-bat<\/a>\u00a0(Accessed: 8 January 2026).<\/p>\n<p>Blades Biological Ltd\u00a0(n.d.)\u00a0Amoeba Proteus Unveiled: Anatomy, Physiology, Life Cycle, and Uses. Available at:\u00a0<a href=\"https:\/\/blades-bio.co.uk\/amoeba-proteus-unveiled-anatomy-physiology-life-cycle-and-uses\/\">https:\/\/blades-bio.co.uk\/amoeba-proteus-unveiled-anatomy-physiology-life-cycle-and-uses\/<\/a>\u00a0(Accessed: 8 January 2026).<\/p>\n<p>Britannica\u00a0(2026)\u00a0Amoeba (microorganism order). Britannica. Available at:\u00a0<a href=\"https:\/\/www.britannica.com\/science\/amoeba-order\">https:\/\/www.britannica.com\/science\/amoeba-order<\/a>\u00a0(Accessed: 8 January 2026).<\/p>\n<p>BYJU\u2019S\u00a0(2021)\u00a0Encystation in Amoeba. BYJU\u2019S Biology. Available at:\u00a0<a href=\"https:\/\/byjus.com\/biology\/encystation-in-amoeba\/\">https:\/\/byjus.com\/biology\/encystation-in-amoeba\/<\/a>\u00a0(Accessed: 8 January 2026).<\/p>\n<p>De la Fuente, I.M., Bringas, C., Malaina, I., Fedetz, M., Carrasco-Pujante, J., Morales, M., Knafo, S., Mart\u00ednez, L., P\u00e9rez-Samart\u00edn, A., L\u00f3pez, J.I., P\u00e9rez-Yarza, G. and Boyano, M.D. (2019) \u2018Evidence of conditioned behavior in amoebae\u2019,\u00a0Nature Communications, 10, p. 3690. doi: 10.1038\/s41467-019-11677-w. Available at:\u00a0<a href=\"https:\/\/www.ncbi.nlm.nih.gov\/pmc\/articles\/PMC6695432\/\">https:\/\/www.ncbi.nlm.nih.gov\/pmc\/articles\/PMC6695432\/<\/a>\u00a0(Accessed: 8 January 2026).<\/p>\n<p>New Forest National Park Authority\u00a0(2026)\u00a0Brown long-eared bat. Discover Wildlife: Bats. Available at:\u00a0<a href=\"https:\/\/www.newforestnpa.gov.uk\/discover\/wildlife\/bats\/brown-long-eared\/\">https:\/\/www.newforestnpa.gov.uk\/discover\/wildlife\/bats\/brown-long-eared\/<\/a>\u00a0(Accessed: 8 January 2026).<\/p>\n<p>Species on the Edge\u00a0(n.d)\u00a0Brown long-eared bat. Available at:\u00a0<a href=\"https:\/\/speciesontheedge.co.uk\/brown-long-eared-bat\/?utm_source=chatgpt.com\">https:\/\/speciesontheedge.co.uk\/brown-long-eared-bat\/<\/a>\u00a0(Accessed: 9 January 2026).<\/p>\n<p>Wildlife Trusts, The\u00a0(n.d.)\u00a0Brown long-eared bat. Available at:\u00a0<a href=\"https:\/\/www.wildlifetrusts.org\/wildlife-explorer\/mammals\/brown-long-eared-bat?utm_source=chatgpt.com\">https:\/\/www.wildlifetrusts.org\/wildlife-explorer\/mammals\/brown-long-eared-bat<\/a>\u00a0(Accessed: 8 January 2026).<\/p>\n<p>Woodland Trust\u00a0(2026)\u00a0Brown long-eared bat (Plecotus auritus). Woodland Trust. Available at:\u00a0<a href=\"https:\/\/www.woodlandtrust.org.uk\/trees-woods-and-wildlife\/animals\/mammals\/brown-long-eared-bat\/?utm_source=chatgpt.com\">https:\/\/www.woodlandtrust.org.uk\/trees-woods-and-wildlife\/animals\/mammals\/brown-long-eared-bat\/<\/a>\u00a0(Accessed: 8 January 2026).<\/p>\n<p>&nbsp;<\/p>\n<p>&nbsp;<\/p>\n","protected":false},"excerpt":{"rendered":"<p>Adaptation relates to the \u201cbiological phenomenon\u201d in which organisms change their endogenous states as a result of environmental changes. This is to sustain survival within the areas they live and thrive in. Adaptation happens within any biological organism whether this through evolution in order to improve species of a population or within a single cell [&hellip;]<\/p>\n","protected":false},"author":25409,"featured_media":0,"parent":0,"menu_order":0,"comment_status":"closed","ping_status":"closed","template":"","meta":{"footnotes":""},"_links":{"self":[{"href":"https:\/\/blogs.tees.ac.uk\/lonegroup01\/wp-json\/wp\/v2\/pages\/10"}],"collection":[{"href":"https:\/\/blogs.tees.ac.uk\/lonegroup01\/wp-json\/wp\/v2\/pages"}],"about":[{"href":"https:\/\/blogs.tees.ac.uk\/lonegroup01\/wp-json\/wp\/v2\/types\/page"}],"author":[{"embeddable":true,"href":"https:\/\/blogs.tees.ac.uk\/lonegroup01\/wp-json\/wp\/v2\/users\/25409"}],"replies":[{"embeddable":true,"href":"https:\/\/blogs.tees.ac.uk\/lonegroup01\/wp-json\/wp\/v2\/comments?post=10"}],"version-history":[{"count":8,"href":"https:\/\/blogs.tees.ac.uk\/lonegroup01\/wp-json\/wp\/v2\/pages\/10\/revisions"}],"predecessor-version":[{"id":101,"href":"https:\/\/blogs.tees.ac.uk\/lonegroup01\/wp-json\/wp\/v2\/pages\/10\/revisions\/101"}],"wp:attachment":[{"href":"https:\/\/blogs.tees.ac.uk\/lonegroup01\/wp-json\/wp\/v2\/media?parent=10"}],"curies":[{"name":"wp","href":"https:\/\/api.w.org\/{rel}","templated":true}]}}